{"id":137,"date":"2021-12-14T00:32:43","date_gmt":"2021-12-13T23:32:43","guid":{"rendered":"https:\/\/lnsc.nl\/lnsc2022\/?page_id=137"},"modified":"2022-01-05T11:48:32","modified_gmt":"2022-01-05T10:48:32","slug":"kantoorprofielen","status":"publish","type":"page","link":"https:\/\/lnsc.nl\/lnsc2022\/kantoorprofielen\/","title":{"rendered":"Kantoorprofielen"},"content":{"rendered":"<p>[et_pb_section fb_built=&#8221;1&#8243; _builder_version=&#8221;4.14.2&#8243; _module_preset=&#8221;default&#8221; background_color=&#8221;#08afbc&#8221; custom_padding=&#8221;5px||0px||false|false&#8221; global_colors_info=&#8221;{}&#8221;][et_pb_row _builder_version=&#8221;4.14.2&#8243; _module_preset=&#8221;default&#8221; global_colors_info=&#8221;{}&#8221;][et_pb_column type=&#8221;4_4&#8243; _builder_version=&#8221;4.14.2&#8243; _module_preset=&#8221;default&#8221; global_colors_info=&#8221;{}&#8221;][et_pb_text _builder_version=&#8221;4.14.2&#8243; _module_preset=&#8221;default&#8221; header_text_align=&#8221;center&#8221; header_text_color=&#8221;#FFFFFF&#8221; global_colors_info=&#8221;{}&#8221;]<\/p>\n<h1>Kantoorprofielen<\/h1>\n<p>[\/et_pb_text][\/et_pb_column][\/et_pb_row][\/et_pb_section][et_pb_section fb_built=&#8221;1&#8243; _builder_version=&#8221;4.14.2&#8243; _module_preset=&#8221;default&#8221; global_colors_info=&#8221;{}&#8221;][et_pb_row _builder_version=&#8221;4.14.2&#8243; _module_preset=&#8221;default&#8221; global_colors_info=&#8221;{}&#8221;][et_pb_column type=&#8221;4_4&#8243; _builder_version=&#8221;4.14.2&#8243; _module_preset=&#8221;default&#8221; global_colors_info=&#8221;{}&#8221;][dgat_advancedtab dg_animation_duration=&#8221;600&#8243; content_container_bgcolor=&#8221;#FFFFFF&#8221; nav_container_bgcolor=&#8221;#FFFFFF&#8221; use_sticky_nav=&#8221;off&#8221; use_nav_width=&#8221;off&#8221; nav_placement=&#8221;flex_left&#8221; nav_placement_tablet=&#8221;flex_top&#8221; nav_placement_phone=&#8221;flex_top&#8221; use_scroll_to_content=&#8221;on&#8221; nav_item_bgcolor=&#8221;#FFFFFF&#8221; nav_item_active_bgcolor=&#8221;rgba(103,185,188,0.39)&#8221; icon_color=&#8221;#08afbc&#8221; icon_color_active=&#8221;#08afbc&#8221; use_active_arrow=&#8221;off&#8221; nav_wrapper_margin=&#8221;||||false|false&#8221; nav_wrapper_padding=&#8221;||||false|false&#8221; at_content_wrapper_margin=&#8221;||||false|false&#8221; nav_item_padding=&#8221;20px||20px||true|false&#8221; content_padding=&#8221;||||false|false&#8221; _builder_version=&#8221;4.14.2&#8243; _module_preset=&#8221;default&#8221; title_font=&#8221;Source Serif Pro|700|||||||&#8221; title_font_size=&#8221;18px&#8221; title_active_font=&#8221;Source Serif Pro|700|||||||&#8221; title_active_text_color=&#8221;#08afbc&#8221; title_active_font_size=&#8221;18px&#8221; text_font=&#8221;||||||||&#8221; background_enable_color=&#8221;off&#8221; hover_enabled=&#8221;0&#8243; border_width_all=&#8221;0px&#8221; border_color_all_nav_wrapper=&#8221;#E02B20&#8243; border_width_right_nav_wrapper=&#8221;1px&#8221; border_color_right_nav_wrapper=&#8221;#eeeeee&#8221; border_width_right_nav_wrapper_tablet=&#8221;0px&#8221; border_width_right_nav_wrapper_phone=&#8221;0px&#8221; border_width_right_nav_wrapper_last_edited=&#8221;on|desktop&#8221; border_width_right_nav_item_active=&#8221;2px&#8221; border_color_right_nav_item_active=&#8221;#08afbc&#8221; global_colors_info=&#8221;{}&#8221; sticky_enabled=&#8221;0&#8243;][dgat_advancedtabitem title=&#8221;CMS&#8221; subtitle=&#8221;Kantoorprofiel&#8221; at_button_button_url_new_window=&#8221;1&#8243; _builder_version=&#8221;4.14.2&#8243; _module_preset=&#8221;default&#8221; global_colors_info=&#8221;{}&#8221;]<\/p>\n<h2>CMS<\/h2>\n<p><strong>Over CMS<br \/><\/strong><a href=\"https:\/\/cms.law\/nl\/nld\/\">CMS<\/a> is \u00e9\u00e9n van de grootste advocatenkantoren ter wereld met meer dan 70 kantoren in ruim 40 landen. In Nederland werken circa 150 bevlogen advocaten, notarissen en belastingadviseurs. Ons kantoor mag groot zijn, maar grootspraak is ons vreemd. Wij zijn altijd nuchter gebleven want we weten wat ons te doen staat: onze cli\u00ebnten helpen, met veelal complexe vraagstukken. Wij helpen hen bij het realiseren van hun ambities en dat doen we ook voor jou.<\/p>\n<p><strong>Toren, hoog. Ivoor, nee<br \/><\/strong>Je vindt ons in een van de torens aan de Zuidas, maar een ivoren toren kun je dat niet noemen. Ondanks dat we een groot, internationaal kantoor zijn en mooie cli\u00ebnten bedienen, blijven we een informeel kantoor zonder pretentie. Wij zijn nuchter, professioneel, toegankelijk, samenwerkingsgericht en gedreven door passie voor ons vak.<\/p>\n<p><strong>Changing the face of law<br \/><\/strong>In een wereld waar alles continu in ontwikkeling is, kijken wij naar de toekomst. Dit is onderdeel van ons DNA. Wij anticiperen op mogelijke uitdagingen, versnellen waar nodig en ontwikkelen innovatieve en duurzame oplossingen voor onze cli\u00ebnten. Zo hebben wij voor de verschillende juridische behoeften van onze cli\u00ebnten Legal Tech Tools gecre\u00eberd. Daarnaast zetten we onze kennis en expertise ook in op maatschappelijk vlak voor onder andere Pro Bono Connect.<\/p>\n<p><strong>Ga jij samen met ons de toekomst aan?<br \/><\/strong>Tijdens een<a href=\"https:\/\/cms.law\/nl\/nld\/cms-job-opportunities\/werken-bij-cms\/studenten-events\/student-stages\">\u00a0student-stage<\/a>\u00a0bij CMS krijg je een goed beeld van onze dagelijkse praktijk, onze mensen en ons kantoor. In korte tijd leer je de dagelijkse praktijk van onze juristen kennen. Je wordt onderdeel van een sectie en we betrekken je bij zoveel mogelijk zaken. Een stage duurt over het algemeen acht weken, waarbij je fulltime werkzaam bent. Een afwijkende inzet is ook bespreekbaar. Voor een achtweekse stage krijg je een vergoeding van 1500 euro. Ook komt CMS tegemoet in de huisvestingskosten voor studenten die van ver moeten komen.<\/p>\n<p>Studeer je Nederlands, Notarieel of Fiscaal recht en wil je kennismaken met CMS? Mail ons dan een korte motivatie met de gewenste periode en de rechtsgebieden van jouw voorkeur, samen met je cv en cijferlijst. Je kunt je sollicitatie sturen naar onze afdeling Recruitment via\u00a0<a href=\"mailto:recruitment@cms-dsb.com\">recruitment@cms-dsb.com<\/a>.<\/p>\n<p><img decoding=\"async\" src=\"https:\/\/lnsc.nl\/lnsc2022\/wp-content\/uploads\/QR-code-CMS-LNSC2022-150x150.png\" width=\"150\" height=\"150\" alt=\"\" class=\"wp-image-146 alignnone size-thumbnail\" srcset=\"https:\/\/lnsc.nl\/lnsc2022\/wp-content\/uploads\/QR-code-CMS-LNSC2022-150x150.png 150w, https:\/\/lnsc.nl\/lnsc2022\/wp-content\/uploads\/QR-code-CMS-LNSC2022-300x297.png 300w, https:\/\/lnsc.nl\/lnsc2022\/wp-content\/uploads\/QR-code-CMS-LNSC2022.png 314w\" sizes=\"(max-width: 150px) 100vw, 150px\" \/><\/p>\n<p>Bekijk al onze openstaande vacatures via de QR-code!<\/p>\n<p>[\/dgat_advancedtabitem][dgat_advancedtabitem title=&#8221;Dirkzwager legal &#038; tax&#8221; subtitle=&#8221;Kantoorprofiel&#8221; at_button_button_url_new_window=&#8221;1&#8243; _builder_version=&#8221;4.14.2&#8243; _module_preset=&#8221;default&#8221; global_colors_info=&#8221;{}&#8221;]<\/p>\n<h2>Dirkzwager legal &amp; tax<\/h2>\n<p><strong>Dirkzwager is een topspeler.<br \/><\/strong>Gemotiveerde juridische en fiscale specialisten leveren ge\u00efntegreerde dienstverlening. Kennis maken en vooral kennis delen, speelt een centrale rol in alles wat wij doen. Op deze manier geven wij juridische en fiscale dienstverlening een nieuwe dimensie.<\/p>\n<p>Dirkzwager legal &amp; tax, de grootste juridische en fiscale dienstverlener buiten de Randstad.<\/p>\n<p>Onze kantoren in Arnhem en Nijmegen tellen 140 juristen en fiscalisten die in een inspirerende omgeving samenwerken. Wij werken aan mooie zaken met mooie cli\u00ebnten, dit zijn voornamelijk ondernemers, ondernemingen, verzekeraars (semi-)overheden en zorginstellingen. In het notariaat doen wij dit binnen volgende praktijkgroepen:<\/p>\n<ul>\n<li>Familierecht<\/li>\n<li>Ondernemingsrecht<\/li>\n<li>Overheid en Vastgoed<\/li>\n<\/ul>\n<p>Gedreven, innovatief en toekomstgericht dat is wat bij ons hoort.<\/p>\n<p><strong>Dirkzwager stelt jouw ontwikkeling centraal.<br \/><\/strong>Dirkzwager investeert in jou. Wij zorgen ervoor dat jij jezelf ontwikkelt tot een excellente (kandidaat)-notaris. Bij ons ga je leren, maar vooral ook doen. Vanaf het begin bouw jij aan jouw specialisme door een actieve rol te spelen, publicaties te schijven, workshops te geven en zichtbaar te zijn. Dit alles met een focus op de hoogste kwaliteit van dienstverlening.<\/p>\n<p><strong>Dirkzwager maakt graag kennis met jou.<br \/><\/strong>Wil jij onze praktijk ervaren? Wil jij jezelf ontwikkelen? Streef jij naar het hoogst haalbare? Heb jij een gezonde dosis humor en nuchterheid? Maak dan kennis met ons door een stage te lopen, een kantoorbezoek bij te wonen of deel te nemen aan onze jaarlijkse masterclass. Kijk op werkenbijdirkzwager.nl voor meer informatie over ons.<\/p>\n<p>Vragen? Neem contact op!<\/p>\n<p><strong>Anouk van Rooij, recruiter<\/strong><\/p>\n<p><a href=\"mailto:recruitment@dirkzwager.nl\"><strong>recruitment@dirkzwager.nl<\/strong><\/a><\/p>\n<p><strong>026 \u2013 353 84 68<br \/>06 \u2013 22 03 98 58<\/strong><\/p>\n<p>[\/dgat_advancedtabitem][dgat_advancedtabitem title=&#8221;DLA Piper&#8221; subtitle=&#8221;Kantoorprofiel&#8221; at_button_button_url_new_window=&#8221;1&#8243; _builder_version=&#8221;4.14.2&#8243; _module_preset=&#8221;default&#8221; global_colors_info=&#8221;{}&#8221;]<\/p>\n<h2>DLA Piper<\/h2>\n<p><strong>DLA Piper is \u00e9\u00e9n van de grootste juridische dienstverleners wereldwijd<br \/><\/strong>Met 9000 collega\u2019s in 40 landen verspreid over de wereld, heeft DLA Piper van nature een internationale kijk op juridische vraagstukken en hier leer je te adviseren vanuit een brede scope. De kantoren zijn sterk aan elkaar gelinkt, waardoor je eenvoudig kan beschikken over alle kennis en ervaring die aanwezig is bij onze kantoren. Met persoonlijke begeleiding van top-advocaten en trainingen ontwikkel jij je op zowel professioneel als persoonlijk vlak. Binnen DLA Piper heerst een cultuur van ambitie, ondernemerschap en verantwoordelijkheid. Die waarden zitten in de genen van de organisatie en zijn ook bepalend voor onze snelle groei. Dat geeft jou de gelegenheid om je eigen stempel te drukken en mee te bouwen aan de cultuur van ons kantoor.<\/p>\n<p><strong>Praktijkgroepen<br \/><\/strong>DLA Piper is een \u2018full-service\u2019 kantoor dat is georganiseerd in 7 praktijkgroepen: Corporate (inclusief notariaat), Finance Projects &amp; Restructuring, Employment, Intellectual Property &amp; Technology, Restructuring, Litigation &amp; Regulatory, Tax en Real Estate (inclusief notariaat). Full-service betekent dat we cli\u00ebnten op alle facetten kunnen ondersteunen. Voor welke specialisatie je uiteindelijk ook kiest, je zult een belangrijke bijdrage leveren, ook in grensoverschrijdende zaken.<\/p>\n<p><strong>Verantwoord ondernemen<br \/><\/strong>Wij geloven in verantwoord ondernemen en zijn met 227.508 uur wereldwijd aan pro bono-werkzaamheden in 2020, een van de grootste pro bono-leveranciers ter wereld. Dat is iets waar wij trots op zijn. DLA Piper Amsterdam steunt diverse organisaties zoals Unicef, Defence for Children en Amsterdam Impact Hub. Je krijgt bij ons de gelegenheid om zelf initiatieven aan te dragen en te ontwikkelen.\u00a0<\/p>\n<p><strong>Studenten<br \/><\/strong><em>Stage<br \/><\/em>Studeer je rechten en wil je graag praktijkervaring opdoen? Kom dan stage lopen op een van onze praktijkgroepen! Gedurende twee maanden zal je onderzoek verrichten, notities voorbereiden en concepten, contracten en processtukken opstellen. Je krijgt persoonlijke begeleiding van een (senior) advocaat waarmee je een kamer deelt.<\/p>\n<p><em>Talent Class<br \/><\/em>Wij organiseren jaarlijks twee Talent Classes. Hier zal je kennismaken met ons kantoor in Amsterdam en ons kantoor op een buitenlandse bestemming. Zo zijn wij afgelopen jaren o.a. naar Dubai en Stockholm geweest. Je kan tijdens deze dagen een combinatie van formele en informele activiteiten verwachten. De Talent Class wordt in het voorjaar en het najaar georganiseerd. Wil jij op de hoogte gehouden worden wanneer de aanmeldingen open gaan voor de Talent Class? Stuur dan een e-mail naar maaike.vos@dlapiper.com.<\/p>\n<p><strong>Afgestudeerden <br \/><\/strong>Ben je (bijna) afgestudeerd? En ben je klaar om aan de slag te gaan? Solliciteer dan op de functie Junior Associate. Elke maand hebben wij een groep nieuwe starters. Bezoek onze website <a href=\"https:\/\/www.bigopportunities.nl\/allevacatures\" target=\"_blank\" rel=\"noopener\">www.bigopportunities.nl\/allevacatures<\/a> om je aan te melden of een kennismaking in te plannen. Voor goede mensen maken wij het hele jaar plek!<\/p>\n<p><strong>MEET US<br \/><\/strong>Heb jij interesse in een kennismaking met ons kantoor of wil je solliciteren voor een openstaande vacature? Bezoek onze website <a href=\"https:\/\/www.bigopportunities.nl\/allevacatures\" target=\"_blank\" rel=\"noopener\">www.bigopportunities.nl\/allevacatures<\/a>. Heb je vragen? Neem dan contact op met onze recruiter Maaike Vos via maaike.vos@dlapiper.com of +31611498791.<\/p>\n<p>[\/dgat_advancedtabitem][dgat_advancedtabitem title=&#8221;MAES notarissen&#8221; subtitle=&#8221;Kantoorprofiel&#8221; at_button_button_url_new_window=&#8221;1&#8243; _builder_version=&#8221;4.14.2&#8243; _module_preset=&#8221;default&#8221; global_colors_info=&#8221;{}&#8221;]<\/p>\n<h2>MAES notarissen<\/h2>\n<p>Wij zijn MAES notarissen. Een onafhankelijk full service notariskantoor voor particulieren, ondernemingen en (semi)overheden uit de Metropoolregio Rotterdam Den Haag. Gespecialiseerd in personen- en familierecht, ondernemingsrecht en vastgoed. Wij begeleiden onze klanten bij de momenten die er werkelijk toe doen in het leven. Zakelijk en priv\u00e9. Wij bieden rust, betrouwbaarheid en zekerheid. Leveren maatwerk \u00e9n hebben met Basisnotarissen Rijnmond een discount label voor voordelige confectie. Onberispelijk, toegewijd en integer.<\/p>\n<p>Wij willen onze medewerkers een uitdagende en stimulerende werkomgeving bieden. Waar zij zich prettig en veilig voelen. Zijn loyaal en solidair. Staan voor elkaar. Zijn goed voor elkaar. Wij zijn ervan overtuigd dat onze organisatie er beter van wordt als er mensen met uiteenlopende achtergronden werkzaam zijn. Wij werven, behouden en promoten actief een diverse groep van medewerkers binnen ons kantoor omdat wij geloven in kwaliteit, ongeacht ras, geslacht, nationaliteit, godsdienst of seksuele geaardheid. Wij streven daarmee een stimulerende werkomgeving na. Een werkomgeving die zich kenmerkt door diversiteit, inclusiviteit en gelijke kansen. Meer weten? Kijk op: <a href=\"https:\/\/maesnotarissen.nl\/vacatures\">www.maesnotarissen.nl\/vacatures<\/a>.<\/p>\n<p>MAES notarissen. Goed voor elkaar.<\/p>\n<p>[\/dgat_advancedtabitem][dgat_advancedtabitem title=&#8221;Meijburg Legal&#8221; subtitle=&#8221;Kantoorprofiel&#8221; at_button_button_url_new_window=&#8221;1&#8243; _builder_version=&#8221;4.14.2&#8243; _module_preset=&#8221;default&#8221; hover_enabled=&#8221;0&#8243; global_colors_info=&#8221;{}&#8221; sticky_enabled=&#8221;0&#8243;]<\/p>\n<h2>Meijburg Legal<\/h2>\n<p><img decoding=\"async\" class=\"wp-image-589 alignnone size-full\" src=\"https:\/\/lnsc.nl\/lnsc2022\/wp-content\/uploads\/MEIJ_Bedrijfsprofiel_A4_Legal_2022.jpg\" alt=\"\" width=\"1680\" height=\"2365\" srcset=\"https:\/\/lnsc.nl\/lnsc2022\/wp-content\/uploads\/MEIJ_Bedrijfsprofiel_A4_Legal_2022.jpg 1680w, https:\/\/lnsc.nl\/lnsc2022\/wp-content\/uploads\/MEIJ_Bedrijfsprofiel_A4_Legal_2022-1280x1802.jpg 1280w, https:\/\/lnsc.nl\/lnsc2022\/wp-content\/uploads\/MEIJ_Bedrijfsprofiel_A4_Legal_2022-980x1380.jpg 980w, https:\/\/lnsc.nl\/lnsc2022\/wp-content\/uploads\/MEIJ_Bedrijfsprofiel_A4_Legal_2022-480x676.jpg 480w\" sizes=\"(min-width: 0px) and (max-width: 480px) 480px, (min-width: 481px) and (max-width: 980px) 980px, (min-width: 981px) and (max-width: 1280px) 1280px, (min-width: 1281px) 1680px, 100vw\" \/><\/p>\n<p>[\/dgat_advancedtabitem][dgat_advancedtabitem title=&#8221;Schaap advocaten notarissen &#8221; subtitle=&#8221;Kantoorprofiel&#8221; at_button_button_url_new_window=&#8221;1&#8243; _builder_version=&#8221;4.14.2&#8243; _module_preset=&#8221;default&#8221; global_colors_info=&#8221;{}&#8221;]<\/p>\n<h2>Schaap advocaten notarissen<\/h2>\n<p><strong>Onze aanpak<br \/><\/strong>Resultaatgericht, ondernemend, effici\u00ebnt en door en door Rotterdams. Al meer dan 110 jaar zet Schaap Advocaten Notarissen zich in voor een grote kring van gerenommeerde nationale en internationale ondernemingen. Dankzij onze diepgaande specialisatie in Ondernemings- en Vastgoedrecht kunnen we daarbij van grote toegevoegde waarde zijn.<\/p>\n<p><strong>Slagvaardig<br \/><\/strong>We zijn een middelgroot kantoor met zo\u2019n veertig advocaten en (kandidaat-)notarissen. Door onze omvang bieden we juridische topkwaliteit met een grote persoonlijke betrokkenheid en flexibiliteit.<\/p>\n<p><strong>Onafhankelijk<br \/><\/strong>Schaap is volledig onafhankelijk, en die onafhankelijkheid koesteren we. We zijn aangesloten bij het PLG International Lawyersnetwerk en First Law International, die ons toegang geven tot uitstekende wereldwijde lokale knowhow. Maar ook in internationale zaken zijn we volledig vrij in onze keuze van partners. Met andere woorden: kwaliteit en\/of specifieke ervaring gaan altijd boven netwerkrelaties. Want ook bij grensoverschrijdende zaken draait het om goede en effici\u00ebnte oplossingen.<\/p>\n<p><strong>Carri\u00e8re<br \/><\/strong>Lees \u2018De aa\u2019s van Schaap\u2019 en \u2018Over Schaap\u2019 op onze website, dan weet je waar we voor staan. Van sollicitanten vragen we nogal wat. Maar als je \u2018erin komt\u2019, staat er veel tegenover. Zonder meer goede arbeidsvoorwaarden, alle ruimte om je te ontwikkelen, werkelijk gelijke kansen voor iedereen, werk dat voldoening geeft en een prima balans tussen werk en priv\u00e9. Plus een jonge, dynamische ploeg collega\u2019s.<\/p>\n<p>We zijn altijd op zoek naar mensen die willen werken aan ons en hun eigen succes. Dus ook als er geen vacatures is, nodigen we je van harte uit om te solliciteren.<\/p>\n<p>Derdejaars bachelorstudenten en studenten die een master volgen kunnen in aanmerking komen voor een studentstage. De stage duurt in beginsel twee maanden en je wordt begeleid door een ervaren advocaat of (kandidaat-)notaris.<\/p>\n<p>Kijk voor meer informatie op onze website: www.schaap.eu<\/p>\n<p><strong>Schaap Advocaten Notarissen<br \/><\/strong>Parklaan 17 Postbus 23052 3001 KB Rotterdam<\/p>\n<p><strong>T\u00a0 010 277 03 00<\/strong><\/p>\n<p>[\/dgat_advancedtabitem][dgat_advancedtabitem title=&#8221;VDB Advocaten Notarissen&#8221; subtitle=&#8221;Kantoorprofiel&#8221; at_button_button_url_new_window=&#8221;1&#8243; _builder_version=&#8221;4.14.2&#8243; _module_preset=&#8221;default&#8221; global_colors_info=&#8221;{}&#8221;]<\/p>\n<h2>VDB Advocaten Notarissen<\/h2>\n<p><img decoding=\"async\" src=\"https:\/\/lnsc.nl\/lnsc2022\/wp-content\/uploads\/Kantoorprofiel-VDB.jpg\" width=\"1241\" height=\"1754\" alt=\"\" class=\"wp-image-144 alignnone size-full\" srcset=\"https:\/\/lnsc.nl\/lnsc2022\/wp-content\/uploads\/Kantoorprofiel-VDB.jpg 1241w, https:\/\/lnsc.nl\/lnsc2022\/wp-content\/uploads\/Kantoorprofiel-VDB-980x1385.jpg 980w, https:\/\/lnsc.nl\/lnsc2022\/wp-content\/uploads\/Kantoorprofiel-VDB-480x678.jpg 480w\" sizes=\"(min-width: 0px) and (max-width: 480px) 480px, (min-width: 481px) and (max-width: 980px) 980px, (min-width: 981px) 1241px, 100vw\" \/><\/p>\n<p>[\/dgat_advancedtabitem][\/dgat_advancedtab][\/et_pb_column][\/et_pb_row][\/et_pb_section]<\/p>\n","protected":false},"excerpt":{"rendered":"<p>Kantoorprofielen<div class=\"et_pb_with_border et_pb_module dgat_advancedtab dgat_advancedtab_0\">\n\t\t\t\t\n\t\t\t\t\n\t\t\t\t\n\t\t\t\t\n\t\t\t\t<div class=\"et_pb_module_inner\">\n\t\t\t\t\t<div class=\"dg_at_container\" data-settings='{\"use_sticky_nav\":\"off\",\"use_scroll_to_content\":\"on\",\"sticky_distance\":\"55px\",\"sticky_distance_tablet\":\"55px\",\"sticky_distance_phone\":\"\",\"tab_animation\":\"fade_in\",\"extra_space\":false,\"turn_off_sticky\":\"none\",\"module_class\":\"dgat_advancedtab_0\",\"animation_duration\":\"600\"}'>\r\n                <div class=\"dg_at_nav_wrap\"><div class=\"dg_at_nav_container\"><\/div><\/div>\r\n                <div class=\"dg_at_all_tabs_wrap\"><div class=\"dg_at_all_tabs\"><\/div><\/div>\r\n            <\/div>\n\t\t\t\t<\/div>\n\t\t\t<\/div><div class=\"et_pb_module dgat_advancedtabitem dgat_advancedtabitem_0\">\n\t\t\t\t\n\t\t\t\t\n\t\t\t\t\n\t\t\t\t\n\t\t\t\t<div class=\"et_pb_module_inner\">\n\t\t\t\t\t<div class=\"dg_at_item_container\"><\/div>\n\t\t\t\t<\/div>\n\t\t\t<\/div>CMS Over CMSCMS is \u00e9\u00e9n [&hellip;]<\/p>\n","protected":false},"author":1,"featured_media":0,"parent":0,"menu_order":0,"comment_status":"closed","ping_status":"closed","template":"","meta":{"_et_pb_use_builder":"on","_et_pb_old_content":"","_et_gb_content_width":"","footnotes":""},"class_list":["post-137","page","type-page","status-publish","hentry"],"_links":{"self":[{"href":"https:\/\/lnsc.nl\/lnsc2022\/wp-json\/wp\/v2\/pages\/137","targetHints":{"allow":["GET"]}}],"collection":[{"href":"https:\/\/lnsc.nl\/lnsc2022\/wp-json\/wp\/v2\/pages"}],"about":[{"href":"https:\/\/lnsc.nl\/lnsc2022\/wp-json\/wp\/v2\/types\/page"}],"author":[{"embeddable":true,"href":"https:\/\/lnsc.nl\/lnsc2022\/wp-json\/wp\/v2\/users\/1"}],"replies":[{"embeddable":true,"href":"https:\/\/lnsc.nl\/lnsc2022\/wp-json\/wp\/v2\/comments?post=137"}],"version-history":[{"count":14,"href":"https:\/\/lnsc.nl\/lnsc2022\/wp-json\/wp\/v2\/pages\/137\/revisions"}],"predecessor-version":[{"id":591,"href":"https:\/\/lnsc.nl\/lnsc2022\/wp-json\/wp\/v2\/pages\/137\/revisions\/591"}],"wp:attachment":[{"href":"https:\/\/lnsc.nl\/lnsc2022\/wp-json\/wp\/v2\/media?parent=137"}],"curies":[{"name":"wp","href":"https:\/\/api.w.org\/{rel}","templated":true}]}}